{"id":13440,"date":"2025-11-12T12:44:33","date_gmt":"2025-11-12T11:44:33","guid":{"rendered":"https:\/\/www.goldenhaand.nl\/datenschutzerklaerung\/"},"modified":"2025-11-12T12:44:33","modified_gmt":"2025-11-12T11:44:33","slug":"datenschutzerklaerung","status":"publish","type":"page","link":"https:\/\/www.goldenhaand.nl\/de\/datenschutzerklaerung\/","title":{"rendered":"Datenschutzerkl\u00e4rung"},"content":{"rendered":"\n<h1 class=\"wp-block-heading\">Datenschutzerkl\u00e4rung<\/h1>\n\n<p>Das Golden Haand Webzentrum mit Sitz am Hoofdweg 2, 9684CG in Finsterwolde, Niederlande, ist f\u00fcr die Verarbeitung der in dieser Datenschutzerkl\u00e4rung dargelegten personenbezogenen Daten verantwortlich.<\/p>\n\n<h3 class=\"wp-block-heading\">Kontaktdaten<\/h3>\n\n<p>Mirja Wark<\/p>\n\n<p>+31-(0)6-20395671<br\/>mirjawark@yahoo.com<br\/><a href=\"https:\/\/www.goldenhaand.nl\/de\/\">www.goldenhaand.nl<\/a><br\/><a href=\"http:\/\/www.mirjawark.nl\/\">www.mirjawark.nl<\/a><\/p>\n\n<p>Hoofdweg 2<br\/>9684CG Finsterwolde <br\/>Niederlande<\/p>\n\n<h3 class=\"wp-block-heading\">Personenbezogene Daten, die wir verarbeiten<\/h3>\n\n<p>Golden Haand verarbeitet Ihre personenbezogenen Daten, weil Sie diese selbst an uns \u00fcbermittelt haben. Nachfolgend eine \u00dcbersicht der personenbezogenen Daten, die wir verarbeiten:<\/p>\n\n<ul class=\"wp-block-list\"><li>Vor- und Nachname<\/li><li>Adresse<\/li><li>Telefonnummer<\/li><li>E-Mail-Adresse<\/li><\/ul>\n\n<h3 class=\"wp-block-heading\">Zu welchem Zweck verarbeiten wir personenbezogene Daten<\/h3>\n\n<ul class=\"wp-block-list\"><li>Abwicklung Ihrer Zahlung<\/li><li>Versand der Golden Haand Gazet<\/li><li>Versand Ihrer Bestellung<\/li><li>Um Sie kontaktieren zu k\u00f6nnen, falls dies zur Ausf\u00fchrung unserer Dienstleistungen erforderlich ist<\/li><li>Um Sie \u00fcber \u00c4nderungen unserer Dienstleistungen und Produkte informieren zu k\u00f6nnen<\/li><\/ul>\n\n<h3 class=\"wp-block-heading\">E-Mail und Website<\/h3>\n\n<p>Wenn Sie uns eine E-Mail oder andere Nachrichten senden, ist es m\u00f6glich, dass wir diese Nachrichten speichern. Manchmal bitten wir Sie um Ihre pers\u00f6nlichen Daten, die f\u00fcr die jeweilige Situation relevant sind. Dies erm\u00f6glicht es, Ihre Fragen zu bearbeiten und Ihre Anfragen zu beantworten. Die Daten werden auf eigenen gesicherten Servern oder denen einer dritten Partei gespeichert.<\/p>\n\n<p>Die Sicherheit der \u00fcber unsere Website <a href=\"https:\/\/www.kostuumvereniging.nl\/\">www.goldenhaand.nl und www.mirjawark.nl<\/a> versendeten personenbezogenen Daten wird durch das SSL-Zertifikat, die Aktualit\u00e4t der Wartung und andere Sicherheitsma\u00dfnahmen gew\u00e4hrleistet.<\/p>\n\n<h3 class=\"wp-block-heading\">Automatisierte Entscheidungsfindung<\/h3>\n\n<p>Golden Haand trifft keine Entscheidungen auf der Grundlage automatisierter Verarbeitungen durch Computerprogramme.<\/p>\n\n<h3 class=\"wp-block-heading\">Wie lange wir personenbezogene Daten speichern<\/h3>\n\n<p>Golden Haand Webzentrum speichert Ihre personenbezogenen Daten nicht l\u00e4nger als f\u00fcr den Zweck, f\u00fcr den sie bereitgestellt wurden, erforderlich ist oder aufgrund des Gesetzes vorgeschrieben ist. Die Daten werden zum Zeitpunkt der Abmeldung und der Todesnachricht gel\u00f6scht.<\/p>\n\n<h3 class=\"wp-block-heading\">Weitergabe von personenbezogenen Daten an Dritte<\/h3>\n\n<p>Nur mit pers\u00f6nlicher Zustimmung setzt Golden Haand Webzentrum eine Person auf die Liste mit Namen und E-Mails von Mitkursteilnehmern. Diese Liste wird niemals digital versendet; nur ausgedruckt und verteilt.<\/p>\n\n<p>Golden Haand gibt niemals Daten an andere Parteien weiter<\/p>\n\n<h3 class=\"wp-block-heading\">Von uns verwendete Cookies<\/h3>\n\n<p>Golden Haand verwendet nur technische und funktionale Cookies.<\/p>\n\n<h3 class=\"wp-block-heading\">Daten einsehen, anpassen oder l\u00f6schen<\/h3>\n\n<p>Sie haben jederzeit das Recht, Ihre personenbezogenen Daten einzusehen, zu korrigieren oder zu l\u00f6schen. Sie k\u00f6nnen einen Antrag auf Einsicht, Berichtigung, L\u00f6schung, Daten\u00fcbertragung Ihrer personenbezogenen Daten oder einen Antrag auf Widerruf Ihrer Einwilligung oder Widerspruch gegen die Verarbeitung Ihrer personenbezogenen Daten an mirjawark@yahoo.com senden.<\/p>\n\n<h3 class=\"wp-block-heading\">Wie wir personenbezogene Daten sch\u00fctzen<\/h3>\n\n<p>Golden Haand Webzentrum nimmt den Schutz Ihrer Daten ernst und ergreift geeignete Ma\u00dfnahmen, um Missbrauch, Verlust, unbefugten Zugriff, unerw\u00fcnschte Offenlegung und unzul\u00e4ssige \u00c4nderung zu verhindern. Wenn Sie den Eindruck haben, dass Ihre Daten nicht gut gesichert sind oder es Hinweise auf Missbrauch gibt, nehmen Sie bitte Kontakt mit mirjawark@yahoo.com auf<\/p>\n","protected":false},"excerpt":{"rendered":"<p>Datenschutzerkl\u00e4rung Das Golden Haand Webzentrum mit Sitz am Hoofdweg 2, 9684CG in Finsterwolde, Niederlande, ist f\u00fcr die Verarbeitung der in dieser Datenschutzerkl\u00e4rung dargelegten personenbezogenen Daten verantwortlich. Kontaktdaten Mirja Wark +31-(0)6-20395671mirjawark@yahoo.comwww.goldenhaand.nlwww.mirjawark.nl Hoofdweg 29684CG Finsterwolde Niederlande Personenbezogene Daten, die wir verarbeiten Golden Haand verarbeitet Ihre personenbezogenen Daten, weil Sie diese selbst an uns \u00fcbermittelt haben. Nachfolgend eine [&hellip;]<\/p>\n","protected":false},"author":3,"featured_media":0,"parent":0,"menu_order":55,"comment_status":"closed","ping_status":"closed","template":"","meta":{"footnotes":""},"class_list":["post-13440","page","type-page","status-publish","hentry"],"_links":{"self":[{"href":"https:\/\/www.goldenhaand.nl\/de\/wp-json\/wp\/v2\/pages\/13440","targetHints":{"allow":["GET"]}}],"collection":[{"href":"https:\/\/www.goldenhaand.nl\/de\/wp-json\/wp\/v2\/pages"}],"about":[{"href":"https:\/\/www.goldenhaand.nl\/de\/wp-json\/wp\/v2\/types\/page"}],"author":[{"embeddable":true,"href":"https:\/\/www.goldenhaand.nl\/de\/wp-json\/wp\/v2\/users\/3"}],"replies":[{"embeddable":true,"href":"https:\/\/www.goldenhaand.nl\/de\/wp-json\/wp\/v2\/comments?post=13440"}],"version-history":[{"count":1,"href":"https:\/\/www.goldenhaand.nl\/de\/wp-json\/wp\/v2\/pages\/13440\/revisions"}],"predecessor-version":[{"id":13441,"href":"https:\/\/www.goldenhaand.nl\/de\/wp-json\/wp\/v2\/pages\/13440\/revisions\/13441"}],"wp:attachment":[{"href":"https:\/\/www.goldenhaand.nl\/de\/wp-json\/wp\/v2\/media?parent=13440"}],"curies":[{"name":"wp","href":"https:\/\/api.w.org\/{rel}","templated":true}]}}